{"id":23983,"date":"2020-05-01T13:27:44","date_gmt":"2020-05-01T10:27:44","guid":{"rendered":"https:\/\/canadacars.biz\/comment-commander-une-voiture-au-canada\/"},"modified":"2024-04-02T09:33:47","modified_gmt":"2024-04-02T06:33:47","slug":"comment-commander-une-voiture-au-canada","status":"publish","type":"page","link":"https:\/\/canadacars.biz\/fr\/comment-commander-une-voiture-au-canada\/","title":{"rendered":"Comment acheter une voiture au Canada"},"content":{"rendered":"\t\t<div data-elementor-type=\"wp-page\" data-elementor-id=\"23983\" class=\"elementor elementor-23983 elementor-263\" data-elementor-post-type=\"page\">\n\t\t\t\t\t\t<section class=\"elementor-section elementor-top-section elementor-element elementor-element-11afc52 elementor-section-full_width elementor-section-height-default elementor-section-height-default\" data-id=\"11afc52\" data-element_type=\"section\">\n\t\t\t\t\t\t<div class=\"elementor-container elementor-column-gap-default\">\n\t\t\t\t\t<div class=\"elementor-column elementor-col-100 elementor-top-column elementor-element elementor-element-7325547\" data-id=\"7325547\" data-element_type=\"column\">\n\t\t\t<div class=\"elementor-widget-wrap elementor-element-populated\">\n\t\t\t\t\t\t<div class=\"elementor-element elementor-element-b18d71c elementor-widget elementor-widget-heading\" data-id=\"b18d71c\" data-element_type=\"widget\" data-widget_type=\"heading.default\">\n\t\t\t\t<div class=\"elementor-widget-container\">\n\t\t\t<div class=\"elementor-heading-title elementor-size-default\">Comment Acheter<\/div>\t\t<\/div>\n\t\t\t\t<\/div>\n\t\t\t\t<div class=\"elementor-element elementor-element-7898359 elementor-widget elementor-widget-text-editor\" data-id=\"7898359\" data-element_type=\"widget\" data-widget_type=\"text-editor.default\">\n\t\t\t\t<div class=\"elementor-widget-container\">\n\t\t\t\t\t\t\t<h2><strong>Les principales questions :<\/strong><\/h2><ul><li>O\u00f9 pouvez-vous trouver une voiture?<\/li><li>Comment acheter ?<\/li><li>Les depenses<\/li><\/ul><h2><b>O\u00d9<\/b><b> TROUVEZ-VOUS UNE VOITURE ?<\/b><\/h2><p>Voici une liste de ressources que notre entreprise \/ concessionnaire automobile canadien peut acheter pour vous n&rsquo;importe quelle voiture de n&rsquo;importe quelle province du Canada.<\/p><p>Nous pr\u00e9-inspections les lots s\u00e9lectionn\u00e9s (voitures) \u00e0 toutes les ventes aux ench\u00e8res et concessionnaires dans la r\u00e9gion jusqu&rsquo;\u00e0 150 km de Montr\u00e9al GRATUIT!<\/p><p>Les prix des voitures chez les ressources canadiennes sont en dollars canadiens<\/p><ol><li>https:\/\/impactauto.ca\/<\/li><li>https:\/\/www.copart.ca\/<\/li><li>https:\/\/www.manheim.ca\/<\/li><li>https:\/\/www.adesa.ca\/<\/li><li>https:\/\/www.autotrader.ca\/<\/li><li>https:\/\/www.kijijiautos.ca\/<\/li><li>https:\/\/onlinebusiness.icbc.com\/salvage\/splashServlet\/LoadSplashPage<\/li><li>https:\/\/starkautosales.com\/portal\/login.php?redirectURL=\/auction\/<\/li><li>http:\/\/www.espdirect.ca\/index.php\/en-ca\/<\/li><li>https:\/\/www.repodepo.ca\/<\/li><li>http:\/\/salvagesalvageonline.com\/<\/li><li>https:\/\/www.firstchoiceautosalvage.com\/<\/li><li>https:\/\/www.sgi.sk.ca\/salvage_bid\/index.html<\/li><li>http:\/\/www.autosinternationales.com\/<\/li><li>https:\/\/app.traderev.com\/#!\/login<\/li><li>https:\/\/www.rbauction.com\/<\/li><li>https:\/\/www.npauctions.com\/cp\/HP<\/li><li>https:\/\/www.crankyape.com\/<\/li><li>http:\/\/www.daniellessard.com\/<\/li><li>https:\/\/www.tgna.ca\/<\/li><li>https:\/\/www.ebay.ca\/<\/li><li>https:\/\/www.ove.com\/<\/li><li>https:\/\/www.discountquebec.com\/<\/li><li>https:\/\/www.autostudio72.com\/<\/li><li>https:\/\/ksaauto.ca\/<\/li><li>www.autodepotmirabel.com<\/li><li>www.automobileendirect.com<\/li><li>https:\/\/www.autopubliquemirabel.ca<\/li><li>https:\/\/www.autoclic.ca\/en\/<\/li><li>https:\/\/www.autosthubert.com\/<\/li><li>https:\/\/www.voitureoccasionmontreal.ca\/en<\/li><li>https:\/\/www.4mkauto.com\/<\/li><li>https:\/\/www.kaautos.co\/en\/<\/li><li>https:\/\/mpfinanceauto.com\/<\/li><li>\u00a0https:\/\/www.oregans.com\/<\/li><\/ol><p><strong>1 et 2<\/strong> sont les principales ventes aux ench\u00e8res de v\u00e9hicules endommag\u00e9s au Canada<\/p><p><strong>3 et 4<\/strong> sont les plus grandes ventes aux ench\u00e8res de voitures d&rsquo;occasion des soci\u00e9t\u00e9s de cr\u00e9dit-bail, des concessionnaires et d&rsquo;autres institutions financi\u00e8res, mais malheureusement, un simple utilisateur ne sera pas en mesure de rechercher des voitures sans un vrai mot de passe de concessionnaire et il n&rsquo;y a pas de mot de passe d&rsquo;invit\u00e9, alors \u00e9tudiez tout d&rsquo;abord les prix sur les ressources 1 et 2 et ayant d\u00e9j\u00e0 une compr\u00e9hension de la politique de prix, nous vous aiderons personnellement \u00e0 trouver quelque chose de bien aux ench\u00e8res de Mannheim et Adesa<\/p><p><strong>5 et 6<\/strong> sont les principales ressources automobiles open source des plus grandes plateformes de distribution au Canada. Pour rechercher ces sites, vous devrez entrer le code postal (J7R 5V3) et vous pouvez \u00e9galement s\u00e9lectionner un r\u00e9sultat de recherche au Canada.<\/p><h2><span style=\"text-decoration: underline;\"><b><a href=\"https:\/\/canadacars.biz\/fr\/conditions-standard-de-commerce\/\" target=\"_blank\" rel=\"noopener\">COMMENT ACHETER ET PAYER?<\/a><\/b><\/span><\/h2><p>Appele nous ou envoyer un courriel \u00e0: CanadaCars.biz@gmail.com<\/p><p>Le paiement pour un voiture se fait par 2 \u00e9tapes et tous les paiements sont effectu\u00e9s uniquement par virement bancaire\/ par Interac\/ comptant chez notre concessionaire<\/p><p>1) Pour participer \u00e0 une vente aux ench\u00e8res au Canada, vous devrez transf\u00e9rer 10% du prix d&rsquo;achat estim\u00e9 de la voiture par l&rsquo;interm\u00e9diaire de toute banque qui utilise la facture de d\u00e9p\u00f4t, mais pas moins de 1 000 $.<\/p><p><strong>ATTENTION<\/strong>: En cas de remboursement de l&rsquo;acompte<span style=\"text-decoration: underline;\"> avant l&rsquo;achat de la voiture<\/span>, nous pouvons restituer le montant par virement bancaire invers\u00e9 sur le compte du client dans le pays \u00e0 partir duquel le transfert de notre soci\u00e9t\u00e9 a \u00e9t\u00e9 effectu\u00e9.<\/p><p>2) Lorsque votre voiture a d\u00e9j\u00e0 \u00e9t\u00e9 remport\u00e9e aux ench\u00e8res, la vente aux ench\u00e8res nous donne 2 jours ouvrables pour payer le lot (voiture) &#8211; nous pr\u00e9parons une facture avec des informations sur la voiture gagn\u00e9e, avec son code VIN, nous calculons la diff\u00e9rence entre votre d\u00e9p\u00f4t et le co\u00fbt total de la voiture aux ench\u00e8res, et vous nous transf\u00e9rez la diff\u00e9rence via n&rsquo;importe quelle banque de votre pays ou d&rsquo;un autre pays<\/p><h2><b>Les voitures\u00a0 \u00e0 notre concessionaire<\/b><\/h2><p>Les voitures que nous vendons dans notre concessionaire sont pr\u00e9par\u00e9es selon les normes canadiennes les plus \u00e9lev\u00e9es.<\/p><p>Notre adresse au Salon de l&rsquo;Auto est 646 Boulevard Industriel, Saint-Eustache, QC, J7R 5V3<\/p><h2><b>LES PRIX POUR LIVRAISON DES V\u00c9HICULES\u00a0 SONT INDIQU\u00c9S EN DOLLARS AM\u00c9RICAINS<\/b><\/h2><ul><li>Lorsque vous achetez une voiture au Canada, une taxe de vente de 15% vous est factur\u00e9e<\/li><li>Si la voiture est achet\u00e9e aux ench\u00e8res, les frais d&rsquo;ench\u00e8re de 400 \u00e0 800 CAD seront ajout\u00e9s<\/li><li>1,5% (mais pas moins de 150 USD) &#8211; assurance maritime<\/li><li>150 USD &#8211; envoi de documents pour la voiture achet\u00e9e par DHL mail<\/li><li>5% (mais pas moins de 500 USD) &#8211; commission de notre entreprise<\/li><\/ul><p dir=\"ltr\"><span style=\"text-decoration: underline;\">Le co\u00fbt du transport d&rsquo;une voiture par voie maritime<\/span><\/p><p dir=\"ltr\">&#8211; 1,450 USD &#8211; Bremerhaven (Allemagne) &#8211; 14 jours<\/p><p dir=\"ltr\">&#8211; 1,790 USD &#8211; Klaipeda (Lituanie) &#8211; 25 jours<\/p><p dir=\"ltr\">&#8211; 4,450 USD &#8211; Champlain NY (USA)<\/p><p dir=\"ltr\"><span style=\"text-decoration: underline;\">FRAIS DE LIVRAISON \u00c0 MONTR\u00c9AL \u00c0 PARTIR DES ENCH\u00c8RES SUIVANTES:<\/span><\/p><p dir=\"ltr\">TORONTO (ONTARIO) \u2013 825 USD<\/p><p>LONDRES (ONTARIO) &#8211; 950 USD<\/p><p>WINCHESTER (ONTARIO) \u2013 630 USD<\/p><p>CALGARY (ALBERTA) \u2013 2,350 USD<\/p><p>EDMONTON (ALBERTA) \u2013 2,350 USD<\/p><p>NISKU (ALBERTA) \u2013 2,350 USD<\/p><p>MONCTON (NOUVEAU-BRUNSWICK)\u00a0\u2013 1,100 USD<\/p><p>HALIFAX (NOUVELLE-\u00c9COSSE) \u2013 1,100 USD<\/p><p>MONTR\u00c9AL (QU\u00c9BEC) \u2013 375 USD<\/p><p>CHICOUTIMI (QU\u00c9BEC) \u2013 1,200 USD<\/p><p>SASKATOON (SASKATCHEWAN) \u2013 2,550 USD<\/p><p>THUNDERBAY (ONTARIO) \u2013 1,900 USD<\/p><p>VANCOUVER (COLOMBIE BRITANNIQUE) \u2013 3,100 USD<\/p><p>SUDBURY (ONTARIO) \u2013 1,100 USD<\/p><p>STOUFFVILLE (ONTARIO) \u2013 750 USD<\/p><p>La ville de QU\u00c9BEC (QU\u00c9BEC) \u2013\u00a0650 USD<\/p><p>OTTAWA (ONTARIO) \u2013 600 USD<\/p><p>HAMILTON (ONTARIO) \u2013 1,000 USD<\/p><p>WINNIPEG (MANITOBA) \u2013 2,250 USD<\/p><p>WINDSOR (ONTARIO) \u2013 1,300 USD<\/p><p>TILBURY (ONTARIO) \u2013 1,300 USD<\/p><p>ST. JOHN`S (TERRE-NEUVE-ET-LABRADOR) \u2013 2,950 USD<\/p><p>PARADISE (TERRE-NEUVE-ET-LABRADOR) \u2013 2,950 USD<\/p><p>RICHMOND (COLOMBIE BRITANNIQUE) \u2013 3,100 USD<\/p><p>BUCATARIE (ONTARIO) \u2013 1,200 USD<\/p><p>AYR (ONTARIO) \u2013 1,200 USD<\/p><p><b>CONCESSIONNAIRES<\/b><\/p><p>TERREBONNE (QU\u00c9BEC) \u2013 375 USD<\/p><p>MASCOUCHE (QU\u00c9BEC) \u2013 375 USD<\/p><p>TROIS RIVI\u00c8RES (QU\u00c9BEC) \u2013 550 USD<\/p><p>SHAWINIGAN (QU\u00c9BEC) \u2013 600 USD<\/p><p>LEVIS (QU\u00c9BEC) \u2013 650 USD<\/p><p>SAGUENAY (QU\u00c9BEC) \u2013 850 USD<\/p><p>VICTORIAVILLE (QU\u00c9BEC) \u2013 550 USD<\/p><p>DRUMMONDVILLE (QU\u00c9BEC) \u2013 500 USD<\/p><p>SOREL \u2013 TRACY (QU\u00c9BEC) \u2013 450 USD<\/p><p>JOLIETTE (QU\u00c9BEC) \u2013 415 USD<\/p><p>REPENTIGNY (QU\u00c9BEC) \u2013 375 USD<\/p><p>BOUCHERVILLE (QU\u00c9BEC) \u2013 375 USD<\/p><p>LONGUEUIL (QU\u00c9BEC) \u2013 375 USD<\/p><p>SAINT-HUBERT (QU\u00c9BEC) \u2013 375 USD<\/p><p>BROSSARD (QU\u00c9BEC) \u2013 375 USD<\/p><p>CHAMBLY (QU\u00c9BEC) \u2013 375 USD<\/p><p>RICHELIEU (QU\u00c9BEC) \u2013 375 USD<\/p><p>LA PRAIRIE (QU\u00c9BEC) \u2013 375 USD<\/p><p>SAINT-CONSTANT (QU\u00c9BEC) \u2013 375 USD<\/p><p>CANDIAC (QU\u00c9BEC) \u2013 375 USD<\/p><p>GRANBY (QU\u00c9BEC) \u2013 500 USD<\/p><p>MAGOG (QU\u00c9BEC) \u2013 520 USD<\/p><p>SHERBROOKE (QU\u00c9BEC) \u2013 550 USD<\/p><p>SAINT-JEAN-SUR-RICHELIEU (QU\u00c9BEC) \u2013 375 USD<\/p><p>LAVAL (QU\u00c9BEC) \u2013 375 USD<\/p><p>VAUDREUIL-DORION (QU\u00c9BEC) \u2013 375 USD<\/p><p>SAINT-EUSTACHE (QU\u00c9BEC) \u2013 375 USD<\/p><p>BOISBRIAND (QU\u00c9BEC) \u2013 375 USD<\/p><p>Sainte-Th\u00e9r\u00e8se (QU\u00c9BEC) \u2013 375 USD<\/p><p>BLAINVILLE (QU\u00c9BEC) \u2013 375 USD<\/p><p>MIRABEL (QU\u00c9BEC) \u2013 375 USD<\/p><p>SAINT-J\u00c9R\u00d4ME (QU\u00c9BEC) \u2013 450 USD<\/p><p>MONT-TREMBLANT (QU\u00c9BEC) \u2013 550 USD<\/p><p>CH\u00c2TEAUGUAY (QU\u00c9BEC) \u2013 375 USD<\/p><p>RIMOUSKI (QU\u00c9BEC) \u2013 900 USD<\/p><p>ST-PHILIBERT (QU\u00c9BEC) \u2013 750 USD<\/p><p>GASP\u00c9 (QU\u00c9BEC) \u2013 1,300 USD<\/p><p>MATANE (QU\u00c9BEC) \u2013 1,100 USD<\/p><p>CORNWALL (ONTARIO) \u2013 590 USD<\/p><p>KINGSTON (ONTARIO) \u2013 775 USD<\/p><p>ODESSA (ONTARIO) \u2013 790 USD<\/p><p>BELLEVILLE (ONTARIO) \u2013 800 USD<\/p><p>BRIGHTON (ONTARIO) \u2013 800 USD<\/p><p>PETERBOROUGH (ONTARIO) \u2013 800 USD<\/p><p>WHITBY (ONTARIO) \u2013 850 USD<\/p><p>AJAX (ONTARIO) \u2013 850 USD<\/p><p>PICKERING (ONTARIO) \u2013 850 USD<\/p><p>SCARBOROUGH (ONTARIO) \u2013 850 USD<\/p><p>MARKHAM (ONTARIO) \u2013 850 USD<\/p><p>RICHMOND HILL (ONTARIO) \u2013 850 USD<\/p><p>VAUGHAN (ONTARIO) \u2013 850 USD<\/p><p>YORK DE NORD (ONTARIO) \u2013 850 USD<\/p><p>BRAMPTON (ONTARIO) \u2013 990 USD<\/p><p>MISSISSAUGA (ONTARIO) \u2013 1,050 USD<\/p><p>MILTON (ONTARIO) \u2013 1,050 USD<\/p><p>OAKVILLE (ONTARIO) \u2013 1,050 USD<\/p><p>GUELPH (ONTARIO) \u2013 1,150 USD<\/p><p>BURLINGTON (ONTARIO) \u2013 1,050 USD<\/p><p>CAMBRIDGE (ONTARIO) \u2013 1,200 USD<\/p><p>BRANTFORD (ONTARIO) \u2013 1,250 USD<\/p><p>BARRIE (ONTARIO) \u2013 1,500 USD<\/p><p>GRAVENHURST (ONTARIO) \u2013 1,600 USD<\/p><p>NORTH BAY (ONTARIO) \u2013 1,700 USD<\/p><p>TIMMINS (ONTARIO) \u2013 1,850 USD<\/p><p>BRANDON (MANITOBA) \u2013 2,300 USD<\/p><p>REGINA (SASKATCHEWAN) \u2013 2,600 USD<\/p><p>MOOSE JAW (SASKATCHEWAN) \u2013 2,600 USD<\/p><p>CURRENT SWIFT (SASKATCHEWAN) \u2013 2,600 USD<\/p><p>BEVERLEY (SASKATCHEWAN) \u2013 2,600 USD<\/p><p>MAPLE CREEK (SASKATCHEWAN) \u2013 2,600 USD<\/p><p>MEDICINE HAT (SASKATCHEWAN) \u2013 2,600 USD<\/p><p>LETHBRIDGE (ALBERTA) \u2013 2,700 USD<\/p><p>RED DEER (ALBERTA) \u2013 2,350 USD<\/p><p>KELOWNA (COLOMBIE-BRITANNIQUE) \u2013 3,100 USD<\/p><p>KAMLOOPS (COLOMBIE-BRITANNIQUE) \u2013 3,100 USD<\/p><p>BRIDAL FALLS (COLOMBIE-BRITANNIQUE)\u2013 3,100 USD<\/p><p>CHILLIWACK (COLOMBIE-BRITANNIQUE) \u2013 3,100 USD<\/p><p>ABBOTSFORD (COLOMBIE-BRITANNIQUE) \u2013 3,100 USD<\/p><p>BELLINGHAM (COLOMBIE-BRITANNIQUE) \u2013 3,100 USD<\/p><p>SURREY (COLOMBIE-BRITANNIQUE) \u2013 3,100 USD<\/p><p>RICHMOND (COLOMBIE-BRITANNIQUE) \u2013 3,100 USD<\/p><p>COQUITLAM (COLOMBIE-BRITANNIQUE) \u2013 3,100 USD<\/p><p>BURNABY (COLOMBIE-BRITANNIQUE) \u2013 3,100 USD<\/p><p>FREDERICTON (Nouveau-Brunswick) \u2013 1,100 USD<\/p><p>SAINT JOHN (Nouveau-Brunswick) \u2013 1,100 USD<\/p><p>DARTMOUTH (NOUVELLE-\u00c9COSSE) \u2013 1,250 USD<\/p><p>GOFFS (NOUVELLE \u00c9COSSE) \u2013\u00a01,250\u00a0USD<\/p><p>BROOKFIELD (NOUVELLE \u00c9COSSE) \u2013\u00a01,250\u00a0USD<\/p><p>TRURO (NOUVELLE \u00c9COSSE) \u2013\u00a01,250\u00a0USD<\/p><p>DEBERT (NOUVELLE \u00c9COSSE) \u2013\u00a01,250\u00a0USD<\/p><p>AMHERST (NOUVELLE \u00c9COSSE) \u2013\u00a01,250\u00a0USD<\/p><p>SYDNEY (NOUVELLE \u00c9COSSE) \u2013 1,900 USD<\/p><p>DEBERT (NOUVELLE \u00c9COSSE) \u2013\u00a01,250 USD<\/p>\t\t\t\t\t\t<\/div>\n\t\t\t\t<\/div>\n\t\t\t\t\t<\/div>\n\t\t<\/div>\n\t\t\t\t\t<\/div>\n\t\t<\/section>\n\t\t\t\t<section class=\"elementor-section elementor-top-section elementor-element elementor-element-95a127f elementor-hidden-desktop elementor-hidden-tablet elementor-hidden-mobile elementor-section-boxed elementor-section-height-default elementor-section-height-default\" data-id=\"95a127f\" data-element_type=\"section\">\n\t\t\t\t\t\t<div class=\"elementor-container elementor-column-gap-default\">\n\t\t\t\t\t<div class=\"elementor-column elementor-col-100 elementor-top-column elementor-element elementor-element-b61a17d\" data-id=\"b61a17d\" data-element_type=\"column\">\n\t\t\t<div class=\"elementor-widget-wrap elementor-element-populated\">\n\t\t\t\t\t\t<div class=\"elementor-element elementor-element-1f204fc elementor-widget elementor-widget-text-editor\" data-id=\"1f204fc\" data-element_type=\"widget\" data-widget_type=\"text-editor.default\">\n\t\t\t\t<div class=\"elementor-widget-container\">\n\t\t\t\t\t\t\t<form action=\"https:\/\/www.paypal.com\/cgi-bin\/webscr\" method=\"post\" target=\"_top\"><input name=\"cmd\" type=\"hidden\" value=\"_s-xclick\" \/><br \/>\n<input name=\"hosted_button_id\" type=\"hidden\" value=\"GE2P2SM7GPTC8\" \/><\/p>\n<table>\n<tbody>\n<tr>\n<td>Effectuer un d\u00e9p\u00f4t 1000 US$<\/td>\n<\/tr>\n<tr>\n<td><input maxlength=\"200\" name=\"os0\" type=\"text\" \/><\/td>\n<\/tr>\n<\/tbody>\n<\/table>\n<p><input alt=\"PayPal - The safer, easier way to pay online!\" name=\"submit\" src=\"https:\/\/www.paypalobjects.com\/en_US\/i\/btn\/btn_buynowCC_LG.gif\" type=\"image\" \/><br \/>\n<img decoding=\"async\" src=\"https:\/\/www.paypalobjects.com\/en_US\/i\/scr\/pixel.gif\" alt=\"\" width=\"1\" height=\"1\" border=\"0\" \/><\/p>\n<\/form>\n\t\t\t\t\t\t<\/div>\n\t\t\t\t<\/div>\n\t\t\t\t\t<\/div>\n\t\t<\/div>\n\t\t\t\t\t<\/div>\n\t\t<\/section>\n\t\t\t\t<\/div>\n\t\t","protected":false},"excerpt":{"rendered":"","protected":false},"author":2,"featured_media":13796,"parent":0,"menu_order":0,"comment_status":"closed","ping_status":"closed","template":"","meta":{"footnotes":""},"yoast_head":"<!-- This site is optimized with the Yoast SEO plugin v22.4 - https:\/\/yoast.com\/wordpress\/plugins\/seo\/ -->\n<title>Comment acheter une voiture au Canada | CanadaCars<\/title>\n<meta name=\"robots\" content=\"index, follow, max-snippet:-1, max-image-preview:large, max-video-preview:-1\" \/>\n<link rel=\"canonical\" href=\"https:\/\/canadacars.biz\/fr\/comment-commander-une-voiture-au-canada\/\" \/>\n<meta property=\"og:locale\" content=\"fr_FR\" \/>\n<meta property=\"og:type\" content=\"article\" \/>\n<meta property=\"og:title\" content=\"Comment acheter une voiture au Canada | CanadaCars\" \/>\n<meta property=\"og:url\" content=\"https:\/\/canadacars.biz\/fr\/comment-commander-une-voiture-au-canada\/\" \/>\n<meta property=\"og:site_name\" content=\"CanadaCars\" \/>\n<meta property=\"article:modified_time\" content=\"2024-04-02T06:33:47+00:00\" \/>\n<meta property=\"og:image\" content=\"https:\/\/canadacars.biz\/wp-content\/uploads\/2020\/04\/canada-cars_logo.png\" \/>\n\t<meta property=\"og:image:width\" content=\"1824\" \/>\n\t<meta property=\"og:image:height\" content=\"1493\" \/>\n\t<meta property=\"og:image:type\" content=\"image\/png\" \/>\n<meta name=\"twitter:card\" content=\"summary_large_image\" \/>\n<meta name=\"twitter:label1\" content=\"Dur\u00e9e de lecture estim\u00e9e\" \/>\n\t<meta name=\"twitter:data1\" content=\"6 minutes\" \/>\n<script type=\"application\/ld+json\" class=\"yoast-schema-graph\">{\"@context\":\"https:\/\/schema.org\",\"@graph\":[{\"@type\":\"WebPage\",\"@id\":\"https:\/\/canadacars.biz\/fr\/comment-commander-une-voiture-au-canada\/\",\"url\":\"https:\/\/canadacars.biz\/fr\/comment-commander-une-voiture-au-canada\/\",\"name\":\"Comment acheter une voiture au Canada | CanadaCars\",\"isPartOf\":{\"@id\":\"https:\/\/canadacars.biz\/fr\/#website\"},\"primaryImageOfPage\":{\"@id\":\"https:\/\/canadacars.biz\/fr\/comment-commander-une-voiture-au-canada\/#primaryimage\"},\"image\":{\"@id\":\"https:\/\/canadacars.biz\/fr\/comment-commander-une-voiture-au-canada\/#primaryimage\"},\"thumbnailUrl\":\"https:\/\/canadacars.biz\/wp-content\/uploads\/2020\/04\/canada-cars_logo.png\",\"datePublished\":\"2020-05-01T10:27:44+00:00\",\"dateModified\":\"2024-04-02T06:33:47+00:00\",\"breadcrumb\":{\"@id\":\"https:\/\/canadacars.biz\/fr\/comment-commander-une-voiture-au-canada\/#breadcrumb\"},\"inLanguage\":\"fr-FR\",\"potentialAction\":[{\"@type\":\"ReadAction\",\"target\":[\"https:\/\/canadacars.biz\/fr\/comment-commander-une-voiture-au-canada\/\"]}]},{\"@type\":\"ImageObject\",\"inLanguage\":\"fr-FR\",\"@id\":\"https:\/\/canadacars.biz\/fr\/comment-commander-une-voiture-au-canada\/#primaryimage\",\"url\":\"https:\/\/canadacars.biz\/wp-content\/uploads\/2020\/04\/canada-cars_logo.png\",\"contentUrl\":\"https:\/\/canadacars.biz\/wp-content\/uploads\/2020\/04\/canada-cars_logo.png\",\"width\":1824,\"height\":1493},{\"@type\":\"BreadcrumbList\",\"@id\":\"https:\/\/canadacars.biz\/fr\/comment-commander-une-voiture-au-canada\/#breadcrumb\",\"itemListElement\":[{\"@type\":\"ListItem\",\"position\":1,\"name\":\"\u0413\u043b\u0430\u0432\u043d\u0430\u044f \u0441\u0442\u0440\u0430\u043d\u0438\u0446\u0430\",\"item\":\"https:\/\/canadacars.biz\/fr\/voitures-en-stock\/\"},{\"@type\":\"ListItem\",\"position\":2,\"name\":\"Comment acheter une voiture au Canada\"}]},{\"@type\":\"WebSite\",\"@id\":\"https:\/\/canadacars.biz\/fr\/#website\",\"url\":\"https:\/\/canadacars.biz\/fr\/\",\"name\":\"CanadaCars\",\"description\":\"\u0410\u0432\u0442\u043e\u043c\u043e\u0431\u0438\u043b\u0438 \u0438\u0437 \u041a\u0430\u043d\u0430\u0434\u044b \u0432\u043e \u0432\u0441\u0435 \u0441\u0442\u0440\u0430\u043d\u044b \u043c\u0438\u0440\u0430\",\"potentialAction\":[{\"@type\":\"SearchAction\",\"target\":{\"@type\":\"EntryPoint\",\"urlTemplate\":\"https:\/\/canadacars.biz\/fr\/?s={search_term_string}\"},\"query-input\":\"required name=search_term_string\"}],\"inLanguage\":\"fr-FR\"}]}<\/script>\n<!-- \/ Yoast SEO plugin. -->","yoast_head_json":{"title":"Comment acheter une voiture au Canada | CanadaCars","robots":{"index":"index","follow":"follow","max-snippet":"max-snippet:-1","max-image-preview":"max-image-preview:large","max-video-preview":"max-video-preview:-1"},"canonical":"https:\/\/canadacars.biz\/fr\/comment-commander-une-voiture-au-canada\/","og_locale":"fr_FR","og_type":"article","og_title":"Comment acheter une voiture au Canada | CanadaCars","og_url":"https:\/\/canadacars.biz\/fr\/comment-commander-une-voiture-au-canada\/","og_site_name":"CanadaCars","article_modified_time":"2024-04-02T06:33:47+00:00","og_image":[{"width":1824,"height":1493,"url":"https:\/\/canadacars.biz\/wp-content\/uploads\/2020\/04\/canada-cars_logo.png","type":"image\/png"}],"twitter_card":"summary_large_image","twitter_misc":{"Dur\u00e9e de lecture estim\u00e9e":"6 minutes"},"schema":{"@context":"https:\/\/schema.org","@graph":[{"@type":"WebPage","@id":"https:\/\/canadacars.biz\/fr\/comment-commander-une-voiture-au-canada\/","url":"https:\/\/canadacars.biz\/fr\/comment-commander-une-voiture-au-canada\/","name":"Comment acheter une voiture au Canada | CanadaCars","isPartOf":{"@id":"https:\/\/canadacars.biz\/fr\/#website"},"primaryImageOfPage":{"@id":"https:\/\/canadacars.biz\/fr\/comment-commander-une-voiture-au-canada\/#primaryimage"},"image":{"@id":"https:\/\/canadacars.biz\/fr\/comment-commander-une-voiture-au-canada\/#primaryimage"},"thumbnailUrl":"https:\/\/canadacars.biz\/wp-content\/uploads\/2020\/04\/canada-cars_logo.png","datePublished":"2020-05-01T10:27:44+00:00","dateModified":"2024-04-02T06:33:47+00:00","breadcrumb":{"@id":"https:\/\/canadacars.biz\/fr\/comment-commander-une-voiture-au-canada\/#breadcrumb"},"inLanguage":"fr-FR","potentialAction":[{"@type":"ReadAction","target":["https:\/\/canadacars.biz\/fr\/comment-commander-une-voiture-au-canada\/"]}]},{"@type":"ImageObject","inLanguage":"fr-FR","@id":"https:\/\/canadacars.biz\/fr\/comment-commander-une-voiture-au-canada\/#primaryimage","url":"https:\/\/canadacars.biz\/wp-content\/uploads\/2020\/04\/canada-cars_logo.png","contentUrl":"https:\/\/canadacars.biz\/wp-content\/uploads\/2020\/04\/canada-cars_logo.png","width":1824,"height":1493},{"@type":"BreadcrumbList","@id":"https:\/\/canadacars.biz\/fr\/comment-commander-une-voiture-au-canada\/#breadcrumb","itemListElement":[{"@type":"ListItem","position":1,"name":"\u0413\u043b\u0430\u0432\u043d\u0430\u044f \u0441\u0442\u0440\u0430\u043d\u0438\u0446\u0430","item":"https:\/\/canadacars.biz\/fr\/voitures-en-stock\/"},{"@type":"ListItem","position":2,"name":"Comment acheter une voiture au Canada"}]},{"@type":"WebSite","@id":"https:\/\/canadacars.biz\/fr\/#website","url":"https:\/\/canadacars.biz\/fr\/","name":"CanadaCars","description":"\u0410\u0432\u0442\u043e\u043c\u043e\u0431\u0438\u043b\u0438 \u0438\u0437 \u041a\u0430\u043d\u0430\u0434\u044b \u0432\u043e \u0432\u0441\u0435 \u0441\u0442\u0440\u0430\u043d\u044b \u043c\u0438\u0440\u0430","potentialAction":[{"@type":"SearchAction","target":{"@type":"EntryPoint","urlTemplate":"https:\/\/canadacars.biz\/fr\/?s={search_term_string}"},"query-input":"required name=search_term_string"}],"inLanguage":"fr-FR"}]}},"_links":{"self":[{"href":"https:\/\/canadacars.biz\/fr\/wp-json\/wp\/v2\/pages\/23983"}],"collection":[{"href":"https:\/\/canadacars.biz\/fr\/wp-json\/wp\/v2\/pages"}],"about":[{"href":"https:\/\/canadacars.biz\/fr\/wp-json\/wp\/v2\/types\/page"}],"author":[{"embeddable":true,"href":"https:\/\/canadacars.biz\/fr\/wp-json\/wp\/v2\/users\/2"}],"replies":[{"embeddable":true,"href":"https:\/\/canadacars.biz\/fr\/wp-json\/wp\/v2\/comments?post=23983"}],"version-history":[{"count":68,"href":"https:\/\/canadacars.biz\/fr\/wp-json\/wp\/v2\/pages\/23983\/revisions"}],"predecessor-version":[{"id":313155,"href":"https:\/\/canadacars.biz\/fr\/wp-json\/wp\/v2\/pages\/23983\/revisions\/313155"}],"wp:featuredmedia":[{"embeddable":true,"href":"https:\/\/canadacars.biz\/fr\/wp-json\/wp\/v2\/media\/13796"}],"wp:attachment":[{"href":"https:\/\/canadacars.biz\/fr\/wp-json\/wp\/v2\/media?parent=23983"}],"curies":[{"name":"wp","href":"https:\/\/api.w.org\/{rel}","templated":true}]}}