{"id":310554,"date":"2024-03-05T16:36:21","date_gmt":"2024-03-05T13:36:21","guid":{"rendered":"https:\/\/canadacars.biz\/conditions-standard-de-commerce\/"},"modified":"2024-03-05T16:36:21","modified_gmt":"2024-03-05T13:36:21","slug":"conditions-standard-de-commerce","status":"publish","type":"page","link":"https:\/\/canadacars.biz\/fr\/conditions-standard-de-commerce\/","title":{"rendered":"Conditions standard de commerce"},"content":{"rendered":"<p>Conditions standard de commerce pour Groupe S Inc \u00e0 partir du 1er mars 2019.<\/p>\n<p><strong>Loi Applicable et R\u00e9solution des Litiges :<\/strong><\/p>\n<ul>\n<li aria-level=\"1\">Les relations d\u00e9coulant de ce document sont r\u00e9gies par les lois du Qu\u00e9bec, et tous les litiges doivent \u00eatre r\u00e9solus exclusivement devant les tribunaux du Qu\u00e9bec.<\/li>\n<\/ul>\n<p><strong>Langue de Correspondance :<\/strong><\/p>\n<ul>\n<li aria-level=\"1\">Toute correspondance relative \u00e0 cet accord doit \u00eatre conduite en fran\u00e7ais ou en anglais.<\/li>\n<\/ul>\n<p><strong>D\u00e9lai pour les R\u00e9clamations :<\/strong><\/p>\n<ul>\n<li aria-level=\"1\">Le d\u00e9lai pour les r\u00e9clamations concernant ces factures est d&rsquo;un an \u00e0 partir de la date d&rsquo;\u00e9mission.<\/li>\n<\/ul>\n<p><strong>Limitation de Responsabilit\u00e9 :<\/strong><\/p>\n<ul>\n<li aria-level=\"1\">La responsabilit\u00e9 de Groupe S Inc. en vertu de cet accord est limit\u00e9e aux montants pay\u00e9s par Groupe S Inc.<\/li>\n<\/ul>\n<p><strong>Force Majeure :<\/strong><\/p>\n<ul>\n<li aria-level=\"1\">Chaque partie sera lib\u00e9r\u00e9e de ses obligations en vertu de cet accord en cas de catastrophes naturelles ou d&rsquo;actions militaires, dans les endroits o\u00f9 de tels \u00e9v\u00e9nements rendent impossible l&rsquo;ex\u00e9cution desdites obligations.<\/li>\n<\/ul>\n<p><strong>Interpr\u00e9tation des Incoterms :<\/strong><\/p>\n<ul>\n<li aria-level=\"1\">Les Incoterms li\u00e9s \u00e0 cet accord seront interpr\u00e9t\u00e9s conform\u00e9ment \u00e0 l&rsquo;\u00e9dition 2020.<\/li>\n<\/ul>\n<p><strong>Disponibilit\u00e9 des biens :<\/strong><\/p>\n<p>Le vendeur a le droit de fournir un produit similaire de la m\u00eame ann\u00e9e, marque et mod\u00e8le que celui sp\u00e9cifi\u00e9 dans la facture ou le contrat si, au moment du paiement, le produit avec le code d&rsquo;identification sp\u00e9cifi\u00e9 dans le contrat ou la facture n&rsquo;est pas disponible.<\/p>\n<p><strong>Actions Gouvernementales :<\/strong><\/p>\n<ul>\n<li aria-level=\"1\">Aucune partie ne sera responsable des cons\u00e9quences des actions ill\u00e9gales des autorit\u00e9s gouvernementales de leur propre pays ou de pays tiers.<\/li>\n<\/ul>\n<p>Ces Conditions G\u00e9n\u00e9rales de Vente sont sujettes \u00e0 modification et sont disponibles sur demande.<\/p>\n","protected":false},"excerpt":{"rendered":"","protected":false},"author":3,"featured_media":0,"parent":0,"menu_order":0,"comment_status":"closed","ping_status":"closed","template":"","meta":{"footnotes":""},"yoast_head":"<!-- This site is optimized with the Yoast SEO plugin v22.4 - https:\/\/yoast.com\/wordpress\/plugins\/seo\/ -->\n<title>Conditions standard de commerce | CanadaCars<\/title>\n<meta name=\"robots\" content=\"index, follow, max-snippet:-1, max-image-preview:large, max-video-preview:-1\" \/>\n<link rel=\"canonical\" href=\"https:\/\/canadacars.biz\/fr\/conditions-standard-de-commerce\/\" \/>\n<meta property=\"og:locale\" content=\"fr_FR\" \/>\n<meta property=\"og:type\" content=\"article\" \/>\n<meta property=\"og:title\" content=\"Conditions standard de commerce | CanadaCars\" \/>\n<meta property=\"og:url\" content=\"https:\/\/canadacars.biz\/fr\/conditions-standard-de-commerce\/\" \/>\n<meta property=\"og:site_name\" content=\"CanadaCars\" \/>\n<meta property=\"og:image\" content=\"https:\/\/canadacars.biz\/wp-content\/uploads\/2021\/12\/small-logo-canadacars.jpg\" \/>\n\t<meta property=\"og:image:width\" content=\"244\" \/>\n\t<meta property=\"og:image:height\" content=\"200\" \/>\n\t<meta property=\"og:image:type\" content=\"image\/jpeg\" \/>\n<meta name=\"twitter:card\" content=\"summary_large_image\" \/>\n<meta name=\"twitter:label1\" content=\"Dur\u00e9e de lecture estim\u00e9e\" \/>\n\t<meta name=\"twitter:data1\" content=\"1 minute\" \/>\n<script type=\"application\/ld+json\" class=\"yoast-schema-graph\">{\"@context\":\"https:\/\/schema.org\",\"@graph\":[{\"@type\":\"WebPage\",\"@id\":\"https:\/\/canadacars.biz\/fr\/conditions-standard-de-commerce\/\",\"url\":\"https:\/\/canadacars.biz\/fr\/conditions-standard-de-commerce\/\",\"name\":\"Conditions standard de commerce | CanadaCars\",\"isPartOf\":{\"@id\":\"https:\/\/canadacars.biz\/fr\/#website\"},\"datePublished\":\"2024-03-05T13:36:21+00:00\",\"dateModified\":\"2024-03-05T13:36:21+00:00\",\"breadcrumb\":{\"@id\":\"https:\/\/canadacars.biz\/fr\/conditions-standard-de-commerce\/#breadcrumb\"},\"inLanguage\":\"fr-FR\",\"potentialAction\":[{\"@type\":\"ReadAction\",\"target\":[\"https:\/\/canadacars.biz\/fr\/conditions-standard-de-commerce\/\"]}]},{\"@type\":\"BreadcrumbList\",\"@id\":\"https:\/\/canadacars.biz\/fr\/conditions-standard-de-commerce\/#breadcrumb\",\"itemListElement\":[{\"@type\":\"ListItem\",\"position\":1,\"name\":\"\u0413\u043b\u0430\u0432\u043d\u0430\u044f \u0441\u0442\u0440\u0430\u043d\u0438\u0446\u0430\",\"item\":\"https:\/\/canadacars.biz\/fr\/voitures-en-stock\/\"},{\"@type\":\"ListItem\",\"position\":2,\"name\":\"Conditions standard de commerce\"}]},{\"@type\":\"WebSite\",\"@id\":\"https:\/\/canadacars.biz\/fr\/#website\",\"url\":\"https:\/\/canadacars.biz\/fr\/\",\"name\":\"CanadaCars\",\"description\":\"\u0410\u0432\u0442\u043e\u043c\u043e\u0431\u0438\u043b\u0438 \u0438\u0437 \u041a\u0430\u043d\u0430\u0434\u044b \u0432\u043e \u0432\u0441\u0435 \u0441\u0442\u0440\u0430\u043d\u044b \u043c\u0438\u0440\u0430\",\"potentialAction\":[{\"@type\":\"SearchAction\",\"target\":{\"@type\":\"EntryPoint\",\"urlTemplate\":\"https:\/\/canadacars.biz\/fr\/?s={search_term_string}\"},\"query-input\":\"required name=search_term_string\"}],\"inLanguage\":\"fr-FR\"}]}<\/script>\n<!-- \/ Yoast SEO plugin. -->","yoast_head_json":{"title":"Conditions standard de commerce | CanadaCars","robots":{"index":"index","follow":"follow","max-snippet":"max-snippet:-1","max-image-preview":"max-image-preview:large","max-video-preview":"max-video-preview:-1"},"canonical":"https:\/\/canadacars.biz\/fr\/conditions-standard-de-commerce\/","og_locale":"fr_FR","og_type":"article","og_title":"Conditions standard de commerce | CanadaCars","og_url":"https:\/\/canadacars.biz\/fr\/conditions-standard-de-commerce\/","og_site_name":"CanadaCars","og_image":[{"width":244,"height":200,"url":"https:\/\/canadacars.biz\/wp-content\/uploads\/2021\/12\/small-logo-canadacars.jpg","type":"image\/jpeg"}],"twitter_card":"summary_large_image","twitter_misc":{"Dur\u00e9e de lecture estim\u00e9e":"1 minute"},"schema":{"@context":"https:\/\/schema.org","@graph":[{"@type":"WebPage","@id":"https:\/\/canadacars.biz\/fr\/conditions-standard-de-commerce\/","url":"https:\/\/canadacars.biz\/fr\/conditions-standard-de-commerce\/","name":"Conditions standard de commerce | CanadaCars","isPartOf":{"@id":"https:\/\/canadacars.biz\/fr\/#website"},"datePublished":"2024-03-05T13:36:21+00:00","dateModified":"2024-03-05T13:36:21+00:00","breadcrumb":{"@id":"https:\/\/canadacars.biz\/fr\/conditions-standard-de-commerce\/#breadcrumb"},"inLanguage":"fr-FR","potentialAction":[{"@type":"ReadAction","target":["https:\/\/canadacars.biz\/fr\/conditions-standard-de-commerce\/"]}]},{"@type":"BreadcrumbList","@id":"https:\/\/canadacars.biz\/fr\/conditions-standard-de-commerce\/#breadcrumb","itemListElement":[{"@type":"ListItem","position":1,"name":"\u0413\u043b\u0430\u0432\u043d\u0430\u044f \u0441\u0442\u0440\u0430\u043d\u0438\u0446\u0430","item":"https:\/\/canadacars.biz\/fr\/voitures-en-stock\/"},{"@type":"ListItem","position":2,"name":"Conditions standard de commerce"}]},{"@type":"WebSite","@id":"https:\/\/canadacars.biz\/fr\/#website","url":"https:\/\/canadacars.biz\/fr\/","name":"CanadaCars","description":"\u0410\u0432\u0442\u043e\u043c\u043e\u0431\u0438\u043b\u0438 \u0438\u0437 \u041a\u0430\u043d\u0430\u0434\u044b \u0432\u043e \u0432\u0441\u0435 \u0441\u0442\u0440\u0430\u043d\u044b \u043c\u0438\u0440\u0430","potentialAction":[{"@type":"SearchAction","target":{"@type":"EntryPoint","urlTemplate":"https:\/\/canadacars.biz\/fr\/?s={search_term_string}"},"query-input":"required name=search_term_string"}],"inLanguage":"fr-FR"}]}},"_links":{"self":[{"href":"https:\/\/canadacars.biz\/fr\/wp-json\/wp\/v2\/pages\/310554"}],"collection":[{"href":"https:\/\/canadacars.biz\/fr\/wp-json\/wp\/v2\/pages"}],"about":[{"href":"https:\/\/canadacars.biz\/fr\/wp-json\/wp\/v2\/types\/page"}],"author":[{"embeddable":true,"href":"https:\/\/canadacars.biz\/fr\/wp-json\/wp\/v2\/users\/3"}],"replies":[{"embeddable":true,"href":"https:\/\/canadacars.biz\/fr\/wp-json\/wp\/v2\/comments?post=310554"}],"version-history":[{"count":0,"href":"https:\/\/canadacars.biz\/fr\/wp-json\/wp\/v2\/pages\/310554\/revisions"}],"wp:attachment":[{"href":"https:\/\/canadacars.biz\/fr\/wp-json\/wp\/v2\/media?parent=310554"}],"curies":[{"name":"wp","href":"https:\/\/api.w.org\/{rel}","templated":true}]}}